{"id":444,"date":"2021-06-27T11:58:03","date_gmt":"2021-06-27T11:58:03","guid":{"rendered":"https:\/\/larson-demo.bslthemes.com\/?page_id=444"},"modified":"2021-06-27T11:58:03","modified_gmt":"2021-06-27T11:58:03","slug":"portfolio-masonry","status":"publish","type":"page","link":"https:\/\/atlas-architecture.com\/index.php\/portfolio-masonry\/","title":{"rendered":"Projects (Masonry)"},"content":{"rendered":"\t\t<div data-elementor-type=\"wp-page\" data-elementor-id=\"444\" class=\"elementor elementor-444\">\n\t\t\t\t\t\t<section class=\"elementor-section elementor-top-section elementor-element elementor-element-a41e2b2 elementor-section-full_width elementor-section-height-default elementor-section-height-default\" data-id=\"a41e2b2\" data-element_type=\"section\">\n\t\t\t\t\t\t<div class=\"elementor-container elementor-column-gap-no\">\n\t\t\t\t\t<div class=\"elementor-column elementor-col-100 elementor-top-column elementor-element elementor-element-97c067e\" data-id=\"97c067e\" data-element_type=\"column\">\n\t\t\t<div class=\"elementor-widget-wrap elementor-element-populated\">\n\t\t\t\t\t\t<div class=\"elementor-element elementor-element-4f6d00e elementor-widget elementor-widget-larson-intro\" data-id=\"4f6d00e\" data-element_type=\"widget\" data-widget_type=\"larson-intro.default\">\n\t\t\t\t<div class=\"elementor-widget-container\">\n\t\t\t\t\t\n\t\t<article class=\"article\">\n\t        <header class=\"article__header\">\n\t          <div class=\"container\">\n\t            \t            <h1 class=\"article__heading heading heading--size-large\">\n\t            \t<span >\n\t\t\t\t\t\tProjects\t\t\t\t\t<\/span>\n\t            <\/h1>\n\t            \t            \t          <\/div>\n\t        <\/header>\n\t        \t    <\/article>\n\n\t\t\t\t\t\t<\/div>\n\t\t\t\t<\/div>\n\t\t\t\t\t<\/div>\n\t\t<\/div>\n\t\t\t\t\t<\/div>\n\t\t<\/section>\n\t\t\t\t<section class=\"elementor-section elementor-top-section elementor-element elementor-element-a301033 elementor-section-full_width elementor-section-height-default elementor-section-height-default\" data-id=\"a301033\" data-element_type=\"section\">\n\t\t\t\t\t\t<div class=\"elementor-container elementor-column-gap-no\">\n\t\t\t\t\t<div class=\"elementor-column elementor-col-100 elementor-top-column elementor-element elementor-element-82b94f1\" data-id=\"82b94f1\" data-element_type=\"column\">\n\t\t\t<div class=\"elementor-widget-wrap elementor-element-populated\">\n\t\t\t\t\t\t<div class=\"elementor-element elementor-element-65ce472 elementor-widget elementor-widget-larson-portfolio\" data-id=\"65ce472\" data-element_type=\"widget\" data-widget_type=\"larson-portfolio.default\">\n\t\t\t\t<div class=\"elementor-widget-container\">\n\t\t\t\t\t\n\t\t\t\t  <!-- Filter projects-->\n          <div class=\"article__filter filter container\">\n            <button class=\"filter__item filter__item--active __js_filter-btn\" type=\"button\" data-filter=\"*\">All<\/button>\n                        <button class=\"filter__item __js_filter-btn\" type=\"button\" data-filter=\".__js_interior\">Interior<\/button>\n                        <button class=\"filter__item __js_filter-btn\" type=\"button\" data-filter=\".__js_building\">Building<\/button>\n                      <\/div>\n        \n\t\t<div class=\"article__main container\">\n\n                    <ul class=\"projects-masonry row __js_projects-grid\">\n          \t<li class=\"grid-sizer\"><\/li>\n          \t\n\n<li class=\"projects-masonry__item col-12 col-md-6 col-xl-4 __js_masonry-item __js_building \">\n  <a class=\"card card--small card--masonry\" href=\"https:\/\/atlas-architecture.com\/index.php\/portfolio\/item\/villa-au-benin\/\">\n        <div class=\"card__image card__image-m\">\n      <img decoding=\"async\" src=\"https:\/\/atlas-architecture.com\/wp-content\/uploads\/2021\/06\/abatoire-2-900x900.jpg\" alt=\"Villa au B\u00e9nin\" \/>\n    <\/div>\n        <div class=\"card__content\">\n            <h3 class=\"card__heading\">\n      \tVilla au B\u00e9nin      <\/h3>\n                  <div class=\"card__text\">\n      \tCon\u00e7ue pour une famille urbaine moderne, cette villa traduit la recherche d\u2019un \u00e9quilibre entre rigueur g\u00e9om\u00e9trique, confort int\u00e9rieur et sobri\u00e9t\u00e9 tropicale.      <\/div>\n            <div class=\"card__bottom\">\n        <span class=\"card__link\">\n          See project          <svg width=\"20\" height=\"20\">\n            <use xlink:href=\"#chevron-right\"><\/use>\n          <\/svg>\n        <\/span>\n      <\/div>\n    <\/div>\n  <\/a>\n<\/li>\n\n<li class=\"projects-masonry__item col-12 col-md-6 col-xl-4 __js_masonry-item __js_building \">\n  <a class=\"card card--small card--masonry\" href=\"https:\/\/atlas-architecture.com\/index.php\/portfolio\/item\/agence-societe-generale-benin\/\">\n        <div class=\"card__image card__image-m\">\n      <img decoding=\"async\" src=\"https:\/\/atlas-architecture.com\/wp-content\/uploads\/2021\/06\/B80A5782-900x900.jpg\" alt=\"Agence Soci\u00e9t\u00e9 G\u00e9n\u00e9rale B\u00e9nin\" \/>\n    <\/div>\n        <div class=\"card__content\">\n            <h3 class=\"card__heading\">\n      \tAgence Soci\u00e9t\u00e9 G\u00e9n\u00e9rale B\u00e9nin      <\/h3>\n                  <div class=\"card__text\">\n      \tLe b\u00e2timent allie rigueur institutionnelle et modernit\u00e9, traduisant les valeurs de confiance et d\u2019innovation de la marque bancaire.      <\/div>\n            <div class=\"card__bottom\">\n        <span class=\"card__link\">\n          See project          <svg width=\"20\" height=\"20\">\n            <use xlink:href=\"#chevron-right\"><\/use>\n          <\/svg>\n        <\/span>\n      <\/div>\n    <\/div>\n  <\/a>\n<\/li>\n\n<li class=\"projects-masonry__item col-12 col-md-6 col-xl-4 __js_masonry-item __js_interior \">\n  <a class=\"card card--small card--masonry\" href=\"https:\/\/atlas-architecture.com\/index.php\/portfolio\/item\/villa-a-fidjrosse\/\">\n        <div class=\"card__image card__image-m\">\n      <img decoding=\"async\" src=\"https:\/\/atlas-architecture.com\/wp-content\/uploads\/2021\/06\/fidjrosse-A2-900x900.jpg\" alt=\"Villa \u00e0 Fidjross\u00e8\" \/>\n    <\/div>\n        <div class=\"card__content\">\n            <h3 class=\"card__heading\">\n      \tVilla \u00e0 Fidjross\u00e8      <\/h3>\n                  <div class=\"card__text\">\n      \tL\u2019objectif \u00e9tait de cr\u00e9er un espace commercial efficace, s\u00e9curis\u00e9 et esth\u00e9tique, tout en mettant en valeur l\u2019image du groupe Octogone, acteur majeur de la distribution p\u00e9troli\u00e8re au B\u00e9nin.      <\/div>\n            <div class=\"card__bottom\">\n        <span class=\"card__link\">\n          See project          <svg width=\"20\" height=\"20\">\n            <use xlink:href=\"#chevron-right\"><\/use>\n          <\/svg>\n        <\/span>\n      <\/div>\n    <\/div>\n  <\/a>\n<\/li>\n\n<li class=\"projects-masonry__item col-12 col-md-6 col-xl-4 __js_masonry-item __js_building \">\n  <a class=\"card card--small card--masonry\" href=\"https:\/\/atlas-architecture.com\/index.php\/portfolio\/item\/station-service-octogone-cotonou\/\">\n        <div class=\"card__image card__image-m card__image-v\">\n      <img decoding=\"async\" src=\"https:\/\/atlas-architecture.com\/wp-content\/uploads\/2021\/06\/work5-900x632.jpeg\" alt=\"Station service Octogone Cotonou\" \/>\n    <\/div>\n        <div class=\"card__content\">\n            <h3 class=\"card__heading\">\n      \tStation service Octogone Cotonou      <\/h3>\n                  <div class=\"card__text\">\n      \tProjects for many large domestic and foreign corporations, enterprises in many elds such as nance, banking, F&amp;B, education, communication.      <\/div>\n            <div class=\"card__bottom\">\n        <span class=\"card__link\">\n          See project          <svg width=\"20\" height=\"20\">\n            <use xlink:href=\"#chevron-right\"><\/use>\n          <\/svg>\n        <\/span>\n      <\/div>\n    <\/div>\n  <\/a>\n<\/li>\n\n<li class=\"projects-masonry__item col-12 col-md-6 col-xl-4 __js_masonry-item \">\n  <a class=\"card card--small card--masonry\" href=\"https:\/\/atlas-architecture.com\/index.php\/portfolio\/item\/residences-cotonou\/\">\n        <div class=\"card__image card__image-m\">\n      <img decoding=\"async\" src=\"https:\/\/atlas-architecture.com\/wp-content\/uploads\/2021\/06\/IMG_1437-1-900x900.jpg\" alt=\"R\u00e9sidences Cotonou\" \/>\n    <\/div>\n        <div class=\"card__content\">\n            <h3 class=\"card__heading\">\n      \tR\u00e9sidences Cotonou      <\/h3>\n                  <div class=\"card__text\">\n      \tLe Complexe A&amp;H se compose de r\u00e9sidences jumel\u00e9es au design audacieux, o\u00f9 la couleur devient un langage architectural.       <\/div>\n            <div class=\"card__bottom\">\n        <span class=\"card__link\">\n          See project          <svg width=\"20\" height=\"20\">\n            <use xlink:href=\"#chevron-right\"><\/use>\n          <\/svg>\n        <\/span>\n      <\/div>\n    <\/div>\n  <\/a>\n<\/li>\n\n<li class=\"projects-masonry__item col-12 col-md-6 col-xl-4 __js_masonry-item __js_interior \">\n  <a class=\"card card--small card--masonry\" href=\"https:\/\/atlas-architecture.com\/index.php\/portfolio\/item\/villa-urbaine-a-cotonou\/\">\n        <div class=\"card__image card__image-m\">\n      <img decoding=\"async\" src=\"https:\/\/atlas-architecture.com\/wp-content\/uploads\/2021\/08\/IMG_1395-900x900.jpg\" alt=\"Villa Urbaine \u00e0 Cotonou\" \/>\n    <\/div>\n        <div class=\"card__content\">\n            <h3 class=\"card__heading\">\n      \tVilla Urbaine \u00e0 Cotonou      <\/h3>\n                  <div class=\"card__text\">\n      \tSitu\u00e9e dans un environnement dense, cette villa urbaine illustre la capacit\u00e9 d\u2019ATLAS ARCHITECTURE \u00e0 conjuguer modernit\u00e9, intimit\u00e9 et fonctionnalit\u00e9 dans un cadre restreint.      <\/div>\n            <div class=\"card__bottom\">\n        <span class=\"card__link\">\n          See project          <svg width=\"20\" height=\"20\">\n            <use xlink:href=\"#chevron-right\"><\/use>\n          <\/svg>\n        <\/span>\n      <\/div>\n    <\/div>\n  <\/a>\n<\/li>          <\/ul>\n\n          \n        <\/div>\n\n\t\t\t\t\t\t<\/div>\n\t\t\t\t<\/div>\n\t\t\t\t\t<\/div>\n\t\t<\/div>\n\t\t\t\t\t<\/div>\n\t\t<\/section>\n\t\t\t\t<\/div>\n\t\t","protected":false},"excerpt":{"rendered":"<p>Projects all Interior Building Villa In London Projects for many large domestic and foreign corporations, enterprises in many elds such as nance, banking, F&amp;B, education, communication. See project Spain Working Building Projects for many large domestic and foreign corporations, enterprises in many elds such as nance, banking, F&amp;B, education, communication&#8230;. <\/p>\n<div class=\"readmore\"><a href=\"https:\/\/atlas-architecture.com\/index.php\/portfolio\/item\/villa-urbaine-a-cotonou\/\" class=\"btn-link\">Read more<\/a><\/div>\n","protected":false},"author":1,"featured_media":0,"parent":0,"menu_order":0,"comment_status":"closed","ping_status":"closed","template":"template-elementor-default.php","meta":{"footnotes":""},"class_list":["post-444","page","type-page","status-publish","hentry"],"acf":[],"aioseo_notices":[],"_links":{"self":[{"href":"https:\/\/atlas-architecture.com\/index.php\/wp-json\/wp\/v2\/pages\/444","targetHints":{"allow":["GET"]}}],"collection":[{"href":"https:\/\/atlas-architecture.com\/index.php\/wp-json\/wp\/v2\/pages"}],"about":[{"href":"https:\/\/atlas-architecture.com\/index.php\/wp-json\/wp\/v2\/types\/page"}],"author":[{"embeddable":true,"href":"https:\/\/atlas-architecture.com\/index.php\/wp-json\/wp\/v2\/users\/1"}],"replies":[{"embeddable":true,"href":"https:\/\/atlas-architecture.com\/index.php\/wp-json\/wp\/v2\/comments?post=444"}],"version-history":[{"count":0,"href":"https:\/\/atlas-architecture.com\/index.php\/wp-json\/wp\/v2\/pages\/444\/revisions"}],"wp:attachment":[{"href":"https:\/\/atlas-architecture.com\/index.php\/wp-json\/wp\/v2\/media?parent=444"}],"curies":[{"name":"wp","href":"https:\/\/api.w.org\/{rel}","templated":true}]}}