{"id":466,"date":"2021-06-29T14:10:39","date_gmt":"2021-06-29T14:10:39","guid":{"rendered":"https:\/\/larson-demo.bslthemes.com\/?page_id=466"},"modified":"2025-11-08T12:45:50","modified_gmt":"2025-11-08T11:45:50","slug":"blog-listing","status":"publish","type":"page","link":"https:\/\/atlas-architecture.com\/index.php\/blog-listing\/","title":{"rendered":"News (Listing)"},"content":{"rendered":"\t\t<div data-elementor-type=\"wp-page\" data-elementor-id=\"466\" class=\"elementor elementor-466\">\n\t\t\t\t\t\t<section class=\"elementor-section elementor-top-section elementor-element elementor-element-a41e2b2 elementor-section-full_width elementor-section-height-default elementor-section-height-default\" data-id=\"a41e2b2\" data-element_type=\"section\">\n\t\t\t\t\t\t<div class=\"elementor-container elementor-column-gap-no\">\n\t\t\t\t\t<div class=\"elementor-column elementor-col-100 elementor-top-column elementor-element elementor-element-97c067e\" data-id=\"97c067e\" data-element_type=\"column\">\n\t\t\t<div class=\"elementor-widget-wrap elementor-element-populated\">\n\t\t\t\t\t\t<div class=\"elementor-element elementor-element-4f6d00e elementor-widget elementor-widget-larson-intro\" data-id=\"4f6d00e\" data-element_type=\"widget\" data-widget_type=\"larson-intro.default\">\n\t\t\t\t<div class=\"elementor-widget-container\">\n\t\t\t\t\t\n\t\t<article class=\"article\">\n\t        <header class=\"article__header\">\n\t          <div class=\"container\">\n\t            \t            <h1 class=\"article__heading heading heading--size-large\">\n\t            \t<span >\n\t\t\t\t\t\tNos articles\t\t\t\t\t<\/span>\n\t            <\/h1>\n\t            \t            \t          <\/div>\n\t        <\/header>\n\t        \t    <\/article>\n\n\t\t\t\t\t\t<\/div>\n\t\t\t\t<\/div>\n\t\t\t\t\t<\/div>\n\t\t<\/div>\n\t\t\t\t\t<\/div>\n\t\t<\/section>\n\t\t\t\t<section class=\"elementor-section elementor-top-section elementor-element elementor-element-a301033 elementor-section-full_width elementor-section-height-default elementor-section-height-default\" data-id=\"a301033\" data-element_type=\"section\">\n\t\t\t\t\t\t<div class=\"elementor-container elementor-column-gap-no\">\n\t\t\t\t\t<div class=\"elementor-column elementor-col-100 elementor-top-column elementor-element elementor-element-82b94f1\" data-id=\"82b94f1\" data-element_type=\"column\">\n\t\t\t<div class=\"elementor-widget-wrap elementor-element-populated\">\n\t\t\t\t\t\t<div class=\"elementor-element elementor-element-fe874a2 elementor-widget elementor-widget-larson-blog\" data-id=\"fe874a2\" data-element_type=\"widget\" data-widget_type=\"larson-blog.default\">\n\t\t\t\t<div class=\"elementor-widget-container\">\n\t\t\t\t\t\n\t\t\n\t\t<div class=\"article__main container\">\n                    <ul class=\"news-listing row __js_news-grid\">\n          \t<li class=\"grid-sizer\"><\/li>\n          \t\n\n<li id=\"post-1713\" class=\"news-listing__item col-12 col-xl-12 __js_masonry-item __js_architecture  post-1713 post type-post status-publish format-standard has-post-thumbnail hentry category-architecture\">\n  <div class=\"card card--small card--masonry card--news\">\n        <div class=\"card__image\">\n    <a href=\"https:\/\/atlas-architecture.com\/index.php\/2025\/11\/08\/larchitecture-bioclimatique-construire-pour-le-climat-africain\/\"><img decoding=\"async\" src=\"https:\/\/atlas-architecture.com\/wp-content\/uploads\/2021\/06\/fidjrosse-A3-1920x1357.jpg\" alt=\"L\u2019architecture bioclimatique : construire pour le climat africain\" \/><\/a>\n    <\/div>\n        <div class=\"card__content\">\n      <div class=\"card__date\">8 November 2025<\/div>\n      <h3 class=\"card__heading\"><a href=\"https:\/\/atlas-architecture.com\/index.php\/2025\/11\/08\/larchitecture-bioclimatique-construire-pour-le-climat-africain\/\">L\u2019architecture bioclimatique : construire pour le climat africain<\/a><\/h3>\n            <div class=\"card__text\"><p>Le changement climatique, la hausse des temp\u00e9ratures, l\u2019urbanisation rapide et l\u2019augmentation des co\u00fbts \u00e9nerg\u00e9tiques font de l\u2019architecture bioclimatique une n\u00e9cessit\u00e9 de plus en plus criante, en Afrique comme ailleurs. Au B\u00e9nin, les professionnels de la construction int\u00e8grent de plus en plus cette approche afin de concevoir des b\u00e2timents qui ne&#8230; <\/p>\n<div class=\"readmore\"><a href=\"https:\/\/atlas-architecture.com\/index.php\/2025\/11\/08\/larchitecture-bioclimatique-construire-pour-le-climat-africain\/\" class=\"btn-link\">Read more<\/a><\/div>\n<\/div>\n            <div class=\"card__bottom\">\n        <a class=\"card__link\" href=\"https:\/\/atlas-architecture.com\/index.php\/2025\/11\/08\/larchitecture-bioclimatique-construire-pour-le-climat-africain\/\">\n          Learn more          <svg width=\"20\" height=\"20\">\n            <use xlink:href=\"#chevron-right\"><\/use>\n          <\/svg>\n        <\/a>\n      <\/div>\n    <\/div>\n  <\/div>\n<\/li><!-- #post-1713 -->\n\n<li id=\"post-1711\" class=\"news-listing__item col-12 col-xl-12 __js_masonry-item __js_architecture  post-1711 post type-post status-publish format-standard has-post-thumbnail hentry category-architecture\">\n  <div class=\"card card--small card--masonry card--news\">\n        <div class=\"card__image\">\n    <a href=\"https:\/\/atlas-architecture.com\/index.php\/2025\/11\/08\/construire-sa-maison-au-benin-les-etapes-cles-pour-reussir-votre-projet\/\"><img decoding=\"async\" src=\"https:\/\/atlas-architecture.com\/wp-content\/uploads\/2021\/06\/IMG_1437-1-1920x1280.jpg\" alt=\"Construire sa maison au B\u00e9nin : les \u00e9tapes cl\u00e9s pour r\u00e9ussir votre projet\" \/><\/a>\n    <\/div>\n        <div class=\"card__content\">\n      <div class=\"card__date\">8 November 2025<\/div>\n      <h3 class=\"card__heading\"><a href=\"https:\/\/atlas-architecture.com\/index.php\/2025\/11\/08\/construire-sa-maison-au-benin-les-etapes-cles-pour-reussir-votre-projet\/\">Construire sa maison au B\u00e9nin : les \u00e9tapes cl\u00e9s pour r\u00e9ussir votre projet<\/a><\/h3>\n            <div class=\"card__text\"><p>Construire une maison est un projet exaltant. C\u2019est aussi un voyage complexe, surtout au B\u00e9nin o\u00f9 les aspects techniques, administratifs, financiers et humains se cumulent. Pour maximiser vos chances de r\u00e9ussite, cet article d\u00e9taille les 5 \u00e9tapes cl\u00e9s pour mener \u00e0 bien votre projet de construction, avec les conseils d\u2019un&#8230; <\/p>\n<div class=\"readmore\"><a href=\"https:\/\/atlas-architecture.com\/index.php\/2025\/11\/08\/construire-sa-maison-au-benin-les-etapes-cles-pour-reussir-votre-projet\/\" class=\"btn-link\">Read more<\/a><\/div>\n<\/div>\n            <div class=\"card__bottom\">\n        <a class=\"card__link\" href=\"https:\/\/atlas-architecture.com\/index.php\/2025\/11\/08\/construire-sa-maison-au-benin-les-etapes-cles-pour-reussir-votre-projet\/\">\n          Learn more          <svg width=\"20\" height=\"20\">\n            <use xlink:href=\"#chevron-right\"><\/use>\n          <\/svg>\n        <\/a>\n      <\/div>\n    <\/div>\n  <\/div>\n<\/li><!-- #post-1711 -->\n\n<li id=\"post-1706\" class=\"news-listing__item col-12 col-xl-12 __js_masonry-item __js_architecture  post-1706 post type-post status-publish format-standard has-post-thumbnail hentry category-architecture\">\n  <div class=\"card card--small card--masonry card--news\">\n        <div class=\"card__image\">\n    <a href=\"https:\/\/atlas-architecture.com\/index.php\/2025\/11\/08\/larchitecture-contemporaine-au-benin-entre-modernite-et-identite\/\"><img decoding=\"async\" src=\"https:\/\/atlas-architecture.com\/wp-content\/uploads\/2021\/06\/abatoire-3-1920x1280.jpg\" alt=\"L\u2019architecture contemporaine au B\u00e9nin : entre modernit\u00e9 et identit\u00e9\" \/><\/a>\n    <\/div>\n        <div class=\"card__content\">\n      <div class=\"card__date\">8 November 2025<\/div>\n      <h3 class=\"card__heading\"><a href=\"https:\/\/atlas-architecture.com\/index.php\/2025\/11\/08\/larchitecture-contemporaine-au-benin-entre-modernite-et-identite\/\">L\u2019architecture contemporaine au B\u00e9nin : entre modernit\u00e9 et identit\u00e9<\/a><\/h3>\n            <div class=\"card__text\"><p>L\u2019Afrique de l\u2019Ouest conna\u00eet depuis quelques ann\u00e9es une v\u00e9ritable m\u00e9tamorphose architecturale. Au B\u00e9nin, cette dynamique se manifeste dans une nouvelle g\u00e9n\u00e9ration de b\u00e2timents, port\u00e9s par des cabinets d\u2019architecture comme ATLAS ARCHITECTURE, qui cherchent \u00e0 conjuguer modernit\u00e9, durabilit\u00e9 et enracinement culturel. Ce texte explore cette \u00e9volution, les enjeux, les tendances et&#8230; <\/p>\n<div class=\"readmore\"><a href=\"https:\/\/atlas-architecture.com\/index.php\/2025\/11\/08\/larchitecture-contemporaine-au-benin-entre-modernite-et-identite\/\" class=\"btn-link\">Read more<\/a><\/div>\n<\/div>\n            <div class=\"card__bottom\">\n        <a class=\"card__link\" href=\"https:\/\/atlas-architecture.com\/index.php\/2025\/11\/08\/larchitecture-contemporaine-au-benin-entre-modernite-et-identite\/\">\n          Learn more          <svg width=\"20\" height=\"20\">\n            <use xlink:href=\"#chevron-right\"><\/use>\n          <\/svg>\n        <\/a>\n      <\/div>\n    <\/div>\n  <\/div>\n<\/li><!-- #post-1706 -->          <\/ul>\n\n                    <!-- pager -->\n\t\t  <div class=\"pager\">\n\t\t\t\t\t  <\/div>\n                  <\/div>\n\n\t\t\t\t\t\t<\/div>\n\t\t\t\t<\/div>\n\t\t\t\t\t<\/div>\n\t\t<\/div>\n\t\t\t\t\t<\/div>\n\t\t<\/section>\n\t\t\t\t<\/div>\n\t\t","protected":false},"excerpt":{"rendered":"<p>Nos articles 8 novembre 2025 L\u2019architecture contemporaine au B\u00e9nin : entre modernit\u00e9 et identit\u00e9 L\u2019Afrique de l\u2019Ouest conna\u00eet depuis quelques ann\u00e9es une v\u00e9ritable m\u00e9tamorphose architecturale. Au B\u00e9nin, cette dynamique se manifeste dans une nouvelle g\u00e9n\u00e9ration de b\u00e2timents, port\u00e9s par des cabinets d\u2019architecture comme ATLAS ARCHITECTURE, qui cherchent \u00e0 conjuguer modernit\u00e9,&#8230; <\/p>\n<div class=\"readmore\"><a href=\"https:\/\/atlas-architecture.com\/index.php\/2025\/11\/08\/larchitecture-contemporaine-au-benin-entre-modernite-et-identite\/\" class=\"btn-link\">Read more<\/a><\/div>\n","protected":false},"author":1,"featured_media":0,"parent":0,"menu_order":0,"comment_status":"closed","ping_status":"closed","template":"template-elementor-default.php","meta":{"footnotes":""},"class_list":["post-466","page","type-page","status-publish","hentry"],"acf":[],"aioseo_notices":[],"_links":{"self":[{"href":"https:\/\/atlas-architecture.com\/index.php\/wp-json\/wp\/v2\/pages\/466","targetHints":{"allow":["GET"]}}],"collection":[{"href":"https:\/\/atlas-architecture.com\/index.php\/wp-json\/wp\/v2\/pages"}],"about":[{"href":"https:\/\/atlas-architecture.com\/index.php\/wp-json\/wp\/v2\/types\/page"}],"author":[{"embeddable":true,"href":"https:\/\/atlas-architecture.com\/index.php\/wp-json\/wp\/v2\/users\/1"}],"replies":[{"embeddable":true,"href":"https:\/\/atlas-architecture.com\/index.php\/wp-json\/wp\/v2\/comments?post=466"}],"version-history":[{"count":4,"href":"https:\/\/atlas-architecture.com\/index.php\/wp-json\/wp\/v2\/pages\/466\/revisions"}],"predecessor-version":[{"id":1710,"href":"https:\/\/atlas-architecture.com\/index.php\/wp-json\/wp\/v2\/pages\/466\/revisions\/1710"}],"wp:attachment":[{"href":"https:\/\/atlas-architecture.com\/index.php\/wp-json\/wp\/v2\/media?parent=466"}],"curies":[{"name":"wp","href":"https:\/\/api.w.org\/{rel}","templated":true}]}}